{"id":797,"date":"2025-07-04T13:12:41","date_gmt":"2025-07-04T19:12:41","guid":{"rendered":"https:\/\/dianadesolares.com\/?page_id=797"},"modified":"2025-08-12T10:13:31","modified_gmt":"2025-08-12T16:13:31","slug":"about-me","status":"publish","type":"page","link":"https:\/\/dianadesolares.com\/es\/about-me\/","title":{"rendered":"About Me"},"content":{"rendered":"<div data-elementor-type=\"wp-page\" data-elementor-id=\"797\" class=\"elementor elementor-797\">\n\t\t\t\t<div class=\"elementor-element elementor-element-59fbcc63 e-con-full e-flex e-con e-parent\" data-id=\"59fbcc63\" data-element_type=\"container\">\n\t\t<header class=\"elementor-element elementor-element-34e30288 e-con-full elementor-hidden-mobile e-flex e-con e-child\" data-id=\"34e30288\" data-element_type=\"container\">\n\t\t\t\t<div class=\"elementor-element elementor-element-b307a46 elementor-widget elementor-widget-heading\" data-id=\"b307a46\" data-element_type=\"widget\" data-widget_type=\"heading.default\">\n\t\t\t\t<div class=\"elementor-widget-container\">\n\t\t\t\t\t<h2 class=\"elementor-heading-title elementor-size-default\"><a href=\"https:\/\/dianadesolares.com\/es\/\">Diana De Solares<\/a><\/h2>\t\t\t\t<\/div>\n\t\t\t\t<\/div>\n\t\t\t\t<div class=\"elementor-element elementor-element-5854e979 elementor-icon-list--layout-traditional elementor-list-item-link-full_width elementor-widget elementor-widget-icon-list\" data-id=\"5854e979\" data-element_type=\"widget\" data-widget_type=\"icon-list.default\">\n\t\t\t\t<div class=\"elementor-widget-container\">\n\t\t\t\t\t\t\t<ul class=\"elementor-icon-list-items\">\n\t\t\t\t\t\t\t<li class=\"elementor-icon-list-item\">\n\t\t\t\t\t\t\t\t\t\t\t<a href=\"https:\/\/dianadesolares.com\/es\/painting\/\">\n\n\t\t\t\t\t\t\t\t\t\t\t<span class=\"elementor-icon-list-text\">Painting<\/span>\n\t\t\t\t\t\t\t\t\t\t\t<\/a>\n\t\t\t\t\t\t\t\t\t<\/li>\n\t\t\t\t\t\t\t\t<li class=\"elementor-icon-list-item\">\n\t\t\t\t\t\t\t\t\t\t\t<a href=\"https:\/\/dianadesolares.com\/es\/three-dimensional-works-in-iron-and-shoelaces\/\">\n\n\t\t\t\t\t\t\t\t\t\t\t<span class=\"elementor-icon-list-text\">Three-dimensional works<\/span>\n\t\t\t\t\t\t\t\t\t\t\t<\/a>\n\t\t\t\t\t\t\t\t\t<\/li>\n\t\t\t\t\t\t\t\t<li class=\"elementor-icon-list-item\">\n\t\t\t\t\t\t\t\t\t\t\t<a href=\"https:\/\/dianadesolares.com\/es\/assamblage\/\">\n\n\t\t\t\t\t\t\t\t\t\t\t<span class=\"elementor-icon-list-text\">Assemblage <\/span>\n\t\t\t\t\t\t\t\t\t\t\t<\/a>\n\t\t\t\t\t\t\t\t\t<\/li>\n\t\t\t\t\t\t\t\t<li class=\"elementor-icon-list-item\">\n\t\t\t\t\t\t\t\t\t\t\t<a href=\"https:\/\/dianadesolares.com\/es\/collage\/\">\n\n\t\t\t\t\t\t\t\t\t\t\t<span class=\"elementor-icon-list-text\">Collage<\/span>\n\t\t\t\t\t\t\t\t\t\t\t<\/a>\n\t\t\t\t\t\t\t\t\t<\/li>\n\t\t\t\t\t\t\t\t<li class=\"elementor-icon-list-item\">\n\t\t\t\t\t\t\t\t\t\t\t<a href=\"https:\/\/dianadesolares.com\/es\/contact\/\">\n\n\t\t\t\t\t\t\t\t\t\t\t<span class=\"elementor-icon-list-text\">Contact<\/span>\n\t\t\t\t\t\t\t\t\t\t\t<\/a>\n\t\t\t\t\t\t\t\t\t<\/li>\n\t\t\t\t\t\t\t\t<li class=\"elementor-icon-list-item\">\n\t\t\t\t\t\t\t\t\t\t\t<a href=\"https:\/\/dianadesolares.com\/es\/about-me\/\">\n\n\t\t\t\t\t\t\t\t\t\t\t<span class=\"elementor-icon-list-text\">About Me<\/span>\n\t\t\t\t\t\t\t\t\t\t\t<\/a>\n\t\t\t\t\t\t\t\t\t<\/li>\n\t\t\t\t\t\t<\/ul>\n\t\t\t\t\t\t<\/div>\n\t\t\t\t<\/div>\n\t\t\t\t<\/header>\n\t\t<main class=\"elementor-element elementor-element-1078380a e-con-full e-flex e-con e-child\" data-id=\"1078380a\" data-element_type=\"container\">\n\t\t\t\t<div class=\"elementor-element elementor-element-3173ee3b elementor-widget elementor-widget-heading\" data-id=\"3173ee3b\" data-element_type=\"widget\" data-widget_type=\"heading.default\">\n\t\t\t\t<div class=\"elementor-widget-container\">\n\t\t\t\t\t<h2 class=\"elementor-heading-title elementor-size-default\">About Me<\/h2>\t\t\t\t<\/div>\n\t\t\t\t<\/div>\n\t\t\t\t<div class=\"elementor-element elementor-element-2cb93d1 elementor-widget elementor-widget-text-editor\" data-id=\"2cb93d1\" data-element_type=\"widget\" data-widget_type=\"text-editor.default\">\n\t\t\t\t<div class=\"elementor-widget-container\">\n\t\t\t\t\t\t\t\t\t<div><p><strong><br><\/strong><\/p><\/div>\t\t\t\t\t\t\t\t<\/div>\n\t\t\t\t<\/div>\n\t\t\t\t<div class=\"elementor-element elementor-element-ad919a8 elementor-widget elementor-widget-text-editor\" data-id=\"ad919a8\" data-element_type=\"widget\" data-widget_type=\"text-editor.default\">\n\t\t\t\t<div class=\"elementor-widget-container\">\n\t\t\t\t\t\t\t\t\t<div><p><span style=\"font-size: 16px;\">Diana de Solares vive y trabaja en Antigua Guatemala.  Su entorno inmediato es un inmenso y frondoso jard\u00edn de sombra que captura simult\u00e1neamente la luz y la oscuridad cambiantes a lo largo del d\u00eda.  Las grandes puertas de vidrio de su casa y estudio se mantienen abiertas hacia el jard\u00edn y el cielo, permitiendo que las r\u00e1fagas de aire y ocasional lluvia alcancen el umbral de sus espacios \u00edntimos y de trabajo.<\/span><\/p><\/div><div><div><p data-start=\"578\" data-end=\"895\">El hallazgo es elemento esencial de su actividad art\u00edstica.<br data-start=\"637\" data-end=\"640\" \/>Diana descubre y recoge objetos, materiales, relaciones formales, crom\u00e1ticas y espaciales de su entorno, con los cuales articula sus construcciones colgantes, al piso, a la pared, en papel, lienzo, maderas diversas, etc.<\/p><\/div><div><p data-start=\"897\" data-end=\"1200\">Diana evoca a la recolectora, arquetipo ancestral femenino, ligado a la tierra, al ritmo, a lo c\u00edclico.<br data-start=\"1022\" data-end=\"1025\" \/>La recolectora sabe cu\u00e1ndo recoger, cu\u00e1ndo soltar, cu\u00e1ndo esperar. No arranca, toma lo que cae. Camina con los ojos atentos y los bolsillos llenos de semillas invisibles.<\/p><\/div><div><p data-start=\"1202\" data-end=\"1572\">Su t\u00e9cnica se aproxima a la de collage, pues consiste en reunir fragmentos dispares en sus obras en papel, esculturas y ensamblajes, as\u00ed como formas geom\u00e9tricas y colores diversos en su pintura en tela.<br data-start=\"1424\" data-end=\"1427\" \/>Diana de Solares ve el collage como una forma de pensamiento.  Una manera de mirar el mundo como una red de fragmentos que esperan ser resignificados y reorganizados.  La artista trabaja con lentitud:  Recoger, elegir, cortar, ensamblar, son sus formas de resistir la entrop\u00eda. De recomponer el mundo sin ocultar la grieta.<\/p><\/div><\/div>\t\t\t\t\t\t\t\t<\/div>\n\t\t\t\t<\/div>\n\t\t\t\t<\/main>\n\t\t\t\t<\/div>\n\t\t\t\t<\/div>","protected":false},"excerpt":{"rendered":"<p>Diana De Solares Painting Three-dimensional works Assemblage Collage Contact About Me About Me Diana de Solares lives and works in Antigua Guatemala. Her immediate surroundings are defined by a lush, shaded garden that captures the shifting light and darkness throughout the day. The large glass doors of her home and studio remain open to the [&hellip;]<\/p>","protected":false},"author":1,"featured_media":0,"parent":0,"menu_order":0,"comment_status":"closed","ping_status":"closed","template":"","meta":{"site-sidebar-layout":"no-sidebar","site-content-layout":"page-builder","ast-site-content-layout":"full-width-container","site-content-style":"default","site-sidebar-style":"default","ast-global-header-display":"","ast-banner-title-visibility":"","ast-main-header-display":"disabled","ast-hfb-above-header-display":"","ast-hfb-below-header-display":"","ast-hfb-mobile-header-display":"","site-post-title":"disabled","ast-breadcrumbs-content":"","ast-featured-img":"disabled","footer-sml-layout":"","theme-transparent-header-meta":"","adv-header-id-meta":"","stick-header-meta":"","header-above-stick-meta":"","header-main-stick-meta":"","header-below-stick-meta":"","astra-migrate-meta-layouts":"set","ast-page-background-enabled":"default","ast-page-background-meta":{"desktop":{"background-color":"var(--ast-global-color-4)","background-image":"","background-repeat":"repeat","background-position":"center center","background-size":"auto","background-attachment":"scroll","background-type":"","background-media":"","overlay-type":"","overlay-color":"","overlay-opacity":"","overlay-gradient":""},"tablet":{"background-color":"","background-image":"","background-repeat":"repeat","background-position":"center center","background-size":"auto","background-attachment":"scroll","background-type":"","background-media":"","overlay-type":"","overlay-color":"","overlay-opacity":"","overlay-gradient":""},"mobile":{"background-color":"","background-image":"","background-repeat":"repeat","background-position":"center center","background-size":"auto","background-attachment":"scroll","background-type":"","background-media":"","overlay-type":"","overlay-color":"","overlay-opacity":"","overlay-gradient":""}},"ast-content-background-meta":{"desktop":{"background-color":"var(--ast-global-color-5)","background-image":"","background-repeat":"repeat","background-position":"center center","background-size":"auto","background-attachment":"scroll","background-type":"","background-media":"","overlay-type":"","overlay-color":"","overlay-opacity":"","overlay-gradient":""},"tablet":{"background-color":"var(--ast-global-color-5)","background-image":"","background-repeat":"repeat","background-position":"center center","background-size":"auto","background-attachment":"scroll","background-type":"","background-media":"","overlay-type":"","overlay-color":"","overlay-opacity":"","overlay-gradient":""},"mobile":{"background-color":"var(--ast-global-color-5)","background-image":"","background-repeat":"repeat","background-position":"center center","background-size":"auto","background-attachment":"scroll","background-type":"","background-media":"","overlay-type":"","overlay-color":"","overlay-opacity":"","overlay-gradient":""}},"_vp_format_video_url":"","_vp_image_focal_point":[],"footnotes":""},"class_list":["post-797","page","type-page","status-publish","hentry"],"_links":{"self":[{"href":"https:\/\/dianadesolares.com\/es\/wp-json\/wp\/v2\/pages\/797","targetHints":{"allow":["GET"]}}],"collection":[{"href":"https:\/\/dianadesolares.com\/es\/wp-json\/wp\/v2\/pages"}],"about":[{"href":"https:\/\/dianadesolares.com\/es\/wp-json\/wp\/v2\/types\/page"}],"author":[{"embeddable":true,"href":"https:\/\/dianadesolares.com\/es\/wp-json\/wp\/v2\/users\/1"}],"replies":[{"embeddable":true,"href":"https:\/\/dianadesolares.com\/es\/wp-json\/wp\/v2\/comments?post=797"}],"version-history":[{"count":0,"href":"https:\/\/dianadesolares.com\/es\/wp-json\/wp\/v2\/pages\/797\/revisions"}],"wp:attachment":[{"href":"https:\/\/dianadesolares.com\/es\/wp-json\/wp\/v2\/media?parent=797"}],"curies":[{"name":"wp","href":"https:\/\/api.w.org\/{rel}","templated":true}]}}